{"id":220,"date":"2017-03-09T10:34:11","date_gmt":"2017-03-09T15:34:11","guid":{"rendered":"http:\/\/demo.athemes.com\/sydney\/?page_id=8"},"modified":"2025-03-23T10:46:06","modified_gmt":"2025-03-23T15:46:06","slug":"facelectronica","status":"publish","type":"page","link":"http:\/\/www.pegasoft.com.co\/?page_id=220","title":{"rendered":"Facturaci\u00f3n Electr\u00f3nica F\u00e1cil y R\u00e1pida !!"},"content":{"rendered":"\t\t<div data-elementor-type=\"wp-page\" data-elementor-id=\"220\" class=\"elementor elementor-220\" data-elementor-settings=\"[]\">\n\t\t\t\t\t\t<div class=\"elementor-inner\">\n\t\t\t\t\t\t\t<div class=\"elementor-section-wrap\">\n\t\t\t\t\t\t\t<section class=\"elementor-section elementor-top-section elementor-element elementor-element-26910a69 elementor-section-boxed elementor-section-height-default elementor-section-height-default\" data-id=\"26910a69\" data-element_type=\"section\">\n\t\t\t\t\t\t<div class=\"elementor-container elementor-column-gap-default\">\n\t\t\t\t\t\t\t<div class=\"elementor-row\">\n\t\t\t\t\t<div class=\"elementor-column elementor-col-100 elementor-top-column elementor-element elementor-element-2305c5fb\" data-id=\"2305c5fb\" data-element_type=\"column\">\n\t\t\t<div class=\"elementor-column-wrap elementor-element-populated\">\n\t\t\t\t\t\t\t<div class=\"elementor-widget-wrap\">\n\t\t\t\t\t\t<div class=\"elementor-element elementor-element-40ebe33 elementor-widget elementor-widget-heading\" data-id=\"40ebe33\" data-element_type=\"widget\" data-widget_type=\"heading.default\">\n\t\t\t\t<div class=\"elementor-widget-container\">\n\t\t\t<h2 class=\"elementor-heading-title elementor-size-default\"><div style=\"color: rgb(122, 122, 122); font-size: 15px; font-weight: 400; white-space: normal;\"><h1 style=\"margin-top: 0px; margin-bottom: 0px; font-size: 30px; line-height: 31px; font-family: Montserrat, sans-serif; color: rgb(31, 69, 135); background-image: initial; background-position: 0px 0px; background-size: initial; background-repeat: initial; background-attachment: initial; background-origin: initial; background-clip: initial; border: 0px; padding: 0px; vertical-align: baseline; outline: 0px; text-align: center;\">FACTURACI\u00d3N ELECTR\u00d3NICA<span style=\"color: rgb(122, 122, 122); font-size: 15px; font-weight: 400; font-family: var( --e-global-typography-primary-font-family ), Sans-serif;\">&nbsp;<\/span><br><\/h1><\/div><div style=\"color: rgb(122, 122, 122); font-size: 15px; font-weight: 400; white-space: normal;\">&nbsp;<\/div><font color=\"#4c4c4c\" face=\"Montserrat, sans-serif\"><span style=\"font-size: 20px; font-weight: 400; white-space-collapse: collapse;\">Emite tus facturas electr\u00f3nicas para soportar las transacciones de venta de bienes o prestaci\u00f3n de servicios. Tambi\u00e9n genera tus notas cr\u00e9dito, notas d\u00e9bito y documentos de transmisi\u00f3n-03 por inconvenientes tecnol\u00f3gicos.<\/span><\/font><div style=\"color: rgb(122, 122, 122); font-size: 15px; font-weight: 400; white-space: normal;\"><span style=\"color: rgb(76, 76, 76); font-family: Montserrat, sans-serif; font-size: 20px;\">.<\/span><\/div><\/h2>\t\t<\/div>\n\t\t\t\t<\/div>\n\t\t\t\t<div class=\"elementor-element elementor-element-5c0b0a6 elementor-align-center elementor-widget elementor-widget-button\" data-id=\"5c0b0a6\" data-element_type=\"widget\" data-widget_type=\"button.default\">\n\t\t\t\t<div class=\"elementor-widget-container\">\n\t\t\t\t\t<div class=\"elementor-button-wrapper\">\n\t\t\t<a href=\"http:\/\/www.secretariasenado.gov.co\/senado\/basedoc\/ley_2010_2019.html#18\" class=\"elementor-button-link elementor-button elementor-size-xl\" role=\"button\">\n\t\t\t\t\t\t<span class=\"elementor-button-content-wrapper\">\n\t\t\t\t\t\t<span class=\"elementor-button-text\">NUESTROS PRECIOS X FACTURA ENVIADA RECOMENDADO PARA PERSONAS NATURALES QUE NO ENVIEN MUCHAS FACTURAS AL MES <\/span>\n\t\t<\/span>\n\t\t\t\t\t<\/a>\n\t\t<\/div>\n\t\t\t\t<\/div>\n\t\t\t\t<\/div>\n\t\t\t\t<div class=\"elementor-element elementor-element-22d2e2dd elementor-widget elementor-widget-text-editor\" data-id=\"22d2e2dd\" data-element_type=\"widget\" data-widget_type=\"text-editor.default\">\n\t\t\t\t<div class=\"elementor-widget-container\">\n\t\t\t\t\t\t\t\t<div class=\"elementor-text-editor elementor-clearfix\">\n\t\t\t\t\t<div align=\"\" data-style=\"{\"><p><img loading=\"lazy\" decoding=\"async\" class=\"size-full wp-image-1196 aligncenter\" src=\"http:\/\/www.pegasoft.com.co\/wp-content\/uploads\/poselectro.jpg\" alt=\"\" width=\"468\" height=\"390\" srcset=\"https:\/\/www.pegasoft.com.co\/wp-content\/uploads\/poselectro.jpg 468w, https:\/\/www.pegasoft.com.co\/wp-content\/uploads\/poselectro-300x250.jpg 300w, https:\/\/www.pegasoft.com.co\/wp-content\/uploads\/poselectro-230x192.jpg 230w, https:\/\/www.pegasoft.com.co\/wp-content\/uploads\/poselectro-350x292.jpg 350w\" sizes=\"auto, (max-width: 468px) 100vw, 468px\" \/><\/p><div style=\"border-bottom: 1px solid #e0e0e0; padding: 100px 0;\" data-stretch-type=\"full\" data-overlay=\"true\"><div data-weight=\"1\"><div data-index=\"0\" data-style=\"{\"><div style=\"text-align: left;\" data-title-color=\"#443f3f\" data-headings-color=\"#443f3f\"><ol><li>Incluye notas cr\u00e9dito y d\u00e9bito, certificado digital y firma electr\u00f3nica. Vigencia del paquete de facturas adquirido dos a\u00f1os.<\/li><li>\u00danico Pago sin mensualidades ni anualidades<\/li><li>Almacenamiento en nube por 5 a\u00f1os<\/li><\/ol><div>\u00a0<span style=\"color: var( --e-global-color-text ); font-family: var( --e-global-typography-text-font-family ), Sans-serif; font-weight: var( --e-global-typography-text-font-weight );\">\u00a0<\/span><img loading=\"lazy\" decoding=\"async\" style=\"color: var( --e-global-color-text ); font-family: var( --e-global-typography-text-font-family ), Sans-serif; font-weight: var( --e-global-typography-text-font-weight );\" src=\"http:\/\/www.pegasoft.com.co\/wp-content\/uploads\/modulo.jpg\" alt=\"\" width=\"740\" height=\"432\" \/><\/div><\/div><\/div><div data-title-color=\"#443f3f\" data-headings-color=\"#443f3f\">\u00a0<\/div><div data-title-color=\"#443f3f\" data-headings-color=\"#443f3f\">\u00a0<\/div><h1><strong>Evite pagar sanciones por incumplimiento &#8211;\u00a0<\/strong>Software de Punto de Venta \u2013 SIN CONEXION A INTERNET<\/h1><\/div><\/div><\/div><div><div style=\"padding: 100px 0;\" data-overlay=\"true\"><div data-weight=\"1\"><div data-index=\"2\" data-style=\"{\"><div style=\"text-align: left;\" data-title-color=\"#443f3f\" data-headings-color=\"#443f3f\"><blockquote><div><p><strong style=\"font-family: var( --e-global-typography-text-font-family ), Sans-serif;\">\u00a0CONFIGURACI\u00d3N R\u00c1PIDA Y PERSONALIZADA \u2013 LLEVAMOS MAS DE 21 A\u00d1OS EN EL MERCADO OBTENGA F\u00c1CILMENTE SUS FACTURAS\u2026. EL INVENTARIO DE SUS EMPRESAS\u2026<\/strong><\/p><p><strong>Software POS Punto de Venta \u2013EL PROGRAMA DE CONTABILIDAD MAS FACIL DE USAR FACTURACION E INVENTARIOS \u2013MODULO DE FACTURACION ELECTRONICA\u00a0<\/strong><\/p><p><img loading=\"lazy\" decoding=\"async\" src=\"http:\/\/www.pegasoft.com.co\/wp-content\/uploads\/portatil-300x243.png\" alt=\"\" width=\"699\" height=\"566\" \/><\/p><\/div><\/blockquote><blockquote><p><strong>COMPATIBLE CON WINDOWS 11, 10 Pro 32 Y 64 Bits cualquiera puede utilizarlo \u2013 SE RECOMIENDA UPS ELECTRONICA PARA EVITAR SOBREVOLTAJES.<\/strong><\/p><p><strong>Dise\u00f1ado para peque\u00f1as y medianas empresas con hasta 5 terminales, Compatible con todos los requisitos de puntos de venta minoristas comunes. QUE NECESITEN LLEVAR SU CONTABILIDAD: FERRETER\u00cdAS, DROGRERIAS, SUPERMERCADOS, JOYERIAS, IMPORTADORES, CONFECCION , BELLEZA, OPTICAS, LAVANDERIAS, TALLERES DE AUTOS,REPUESTOS DE MOTOS.<\/strong><br \/><strong>Acceda a los datos de POS en cualquier momento y en cualquier lugar. TIPO NUBE.<\/strong><\/p><p><img loading=\"lazy\" decoding=\"async\" src=\"http:\/\/www.pegasoft.com.co\/wp-content\/uploads\/nube-300x225.png\" alt=\"\" width=\"549\" height=\"412\" \/><\/p><p><strong>Requerimientos: Procesador Generaci\u00f3n(Core ) Primera, Segunda o tercera Generaci\u00f3n \u2013 Monitor Super VGA a colores \u2013 Memoria RAM M\u00ednimo de 4 GB o Superior Espacio libre en disco duro de 600 MB.<\/strong><\/p><p><strong>Base de datos en Microsoft SQL Server. Satisface idealmente a problemas de datos de <\/strong><strong>rango alto. Bases de datos con millones de registro es una red ampliamente distribuida, cliente Servidor multiusario<\/strong><\/p><\/blockquote><\/div><\/div><\/div><\/div><\/div>\t\t\t\t\t<\/div>\n\t\t\t\t\t\t<\/div>\n\t\t\t\t<\/div>\n\t\t\t\t<div class=\"elementor-element elementor-element-8e51344 elementor-aspect-ratio-169 elementor-widget elementor-widget-video\" data-id=\"8e51344\" data-element_type=\"widget\" data-settings=\"{&quot;youtube_url&quot;:&quot;https:\\\/\\\/youtu.be\\\/668zC1AL1P0?si=YlYGofsSO_UT1XXy&quot;,&quot;video_type&quot;:&quot;youtube&quot;,&quot;controls&quot;:&quot;yes&quot;,&quot;aspect_ratio&quot;:&quot;169&quot;}\" data-widget_type=\"video.default\">\n\t\t\t\t<div class=\"elementor-widget-container\">\n\t\t\t\t\t<div class=\"elementor-wrapper elementor-fit-aspect-ratio elementor-open-inline\">\n\t\t\t<div class=\"elementor-video\"><\/div>\t\t<\/div>\n\t\t\t\t<\/div>\n\t\t\t\t<\/div>\n\t\t\t\t\t\t<\/div>\n\t\t\t\t\t<\/div>\n\t\t<\/div>\n\t\t\t\t\t\t\t\t<\/div>\n\t\t\t\t\t<\/div>\n\t\t<\/section>\n\t\t\t\t<section class=\"elementor-section elementor-top-section elementor-element elementor-element-b3432b0 elementor-section-boxed elementor-section-height-default elementor-section-height-default\" data-id=\"b3432b0\" data-element_type=\"section\">\n\t\t\t\t\t\t<div class=\"elementor-container elementor-column-gap-default\">\n\t\t\t\t\t\t\t<div class=\"elementor-row\">\n\t\t\t\t\t<div class=\"elementor-column elementor-col-100 elementor-top-column elementor-element elementor-element-1a50bad\" data-id=\"1a50bad\" data-element_type=\"column\">\n\t\t\t<div class=\"elementor-column-wrap\">\n\t\t\t\t\t\t\t<div class=\"elementor-widget-wrap\">\n\t\t\t\t\t\t\t\t<\/div>\n\t\t\t\t\t<\/div>\n\t\t<\/div>\n\t\t\t\t\t\t\t\t<\/div>\n\t\t\t\t\t<\/div>\n\t\t<\/section>\n\t\t\t\t\t\t<\/div>\n\t\t\t\t\t\t<\/div>\n\t\t\t\t\t<\/div>\n\t\t","protected":false},"excerpt":{"rendered":"<p>FACTURACI\u00d3N ELECTR\u00d3NICA&nbsp; &nbsp;Emite tus facturas electr\u00f3nicas para soportar las transacciones de venta de bienes o prestaci\u00f3n de servicios. Tambi\u00e9n genera tus notas cr\u00e9dito, notas d\u00e9bito y documentos de transmisi\u00f3n-03 por inconvenientes tecnol\u00f3gicos.. NUESTROS PRECIOS X FACTURA ENVIADA RECOMENDADO PARA PERSONAS NATURALES QUE NO ENVIEN MUCHAS FACTURAS AL MES Incluye notas cr\u00e9dito y d\u00e9bito, certificado digital [&hellip;]<\/p>\n","protected":false},"author":1,"featured_media":0,"parent":0,"menu_order":0,"comment_status":"open","ping_status":"open","template":"","meta":{"_joinchat":[],"footnotes":""},"class_list":["post-220","page","type-page","status-publish","hentry"],"_links":{"self":[{"href":"http:\/\/www.pegasoft.com.co\/index.php?rest_route=\/wp\/v2\/pages\/220","targetHints":{"allow":["GET"]}}],"collection":[{"href":"http:\/\/www.pegasoft.com.co\/index.php?rest_route=\/wp\/v2\/pages"}],"about":[{"href":"http:\/\/www.pegasoft.com.co\/index.php?rest_route=\/wp\/v2\/types\/page"}],"author":[{"embeddable":true,"href":"http:\/\/www.pegasoft.com.co\/index.php?rest_route=\/wp\/v2\/users\/1"}],"replies":[{"embeddable":true,"href":"http:\/\/www.pegasoft.com.co\/index.php?rest_route=%2Fwp%2Fv2%2Fcomments&post=220"}],"version-history":[{"count":156,"href":"http:\/\/www.pegasoft.com.co\/index.php?rest_route=\/wp\/v2\/pages\/220\/revisions"}],"predecessor-version":[{"id":1199,"href":"http:\/\/www.pegasoft.com.co\/index.php?rest_route=\/wp\/v2\/pages\/220\/revisions\/1199"}],"wp:attachment":[{"href":"http:\/\/www.pegasoft.com.co\/index.php?rest_route=%2Fwp%2Fv2%2Fmedia&parent=220"}],"curies":[{"name":"wp","href":"https:\/\/api.w.org\/{rel}","templated":true}]}}